{"id":34,"date":"2021-10-03T16:37:03","date_gmt":"2021-10-03T14:37:03","guid":{"rendered":"http:\/\/lesplanchescourbes.com\/?page_id=34"},"modified":"2024-08-01T14:08:13","modified_gmt":"2024-08-01T12:08:13","slug":"mobilier-bois-massif-a-la-main","status":"publish","type":"page","link":"https:\/\/lesplanchescourbes.com\/archives\/","title":{"rendered":"Les Planches Courbes"},"content":{"rendered":"\n<figure class=\"wp-block-image size-full is-resized is-style-default\"><img loading=\"lazy\" decoding=\"async\" width=\"697\" height=\"981\" src=\"https:\/\/lesplanchescourbes.com\/archives\/wp-content\/uploads\/2022\/01\/Table-0-1-e1641221011926-edited.jpg\" alt=\"\" class=\"wp-image-972\" style=\"width:697px\" srcset=\"https:\/\/lesplanchescourbes.com\/archives\/wp-content\/uploads\/2022\/01\/Table-0-1-e1641221011926-edited.jpg 697w, https:\/\/lesplanchescourbes.com\/archives\/wp-content\/uploads\/2022\/01\/Table-0-1-e1641221011926-edited-213x300.jpg 213w\" sizes=\"auto, (max-width: 697px) 100vw, 697px\" \/><\/figure>\n\n\n\n<div class=\"wp-block-group\"><div class=\"wp-block-group__inner-container is-layout-flow wp-block-group-is-layout-flow\">\n<div class=\"wp-block-group\"><div class=\"wp-block-group__inner-container is-layout-flow wp-block-group-is-layout-flow\">\n<div class=\"wp-block-columns is-layout-flex wp-container-core-columns-is-layout-9d6595d7 wp-block-columns-is-layout-flex\">\n<div class=\"wp-block-column has-yellow-color has-text-color is-layout-flow wp-block-column-is-layout-flow\" style=\"flex-basis:100%\">\n<div id=\"pr\u00e9sentation\" class=\"wp-block-group\"><div class=\"wp-block-group__inner-container is-layout-flow wp-block-group-is-layout-flow\">\n<div class=\"wp-block-group\"><div class=\"wp-block-group__inner-container is-layout-flow wp-block-group-is-layout-flow\">\n<div class=\"wp-block-group\"><div class=\"wp-block-group__inner-container is-layout-flow wp-block-group-is-layout-flow\">\n<div class=\"wp-block-group\"><div class=\"wp-block-group__inner-container is-layout-flow wp-block-group-is-layout-flow\">\n<div class=\"wp-block-group\"><div class=\"wp-block-group__inner-container is-layout-flow wp-block-group-is-layout-flow\">\n<div class=\"wp-block-group\"><div class=\"wp-block-group__inner-container is-layout-flow wp-block-group-is-layout-flow\">\n<div class=\"wp-block-group\"><div class=\"wp-block-group__inner-container is-layout-flow wp-block-group-is-layout-flow\">\n<div class=\"wp-block-group\"><div class=\"wp-block-group__inner-container is-layout-flow wp-block-group-is-layout-flow\">\n<div class=\"wp-block-columns are-vertically-aligned-center is-layout-flex wp-container-core-columns-is-layout-9d6595d7 wp-block-columns-is-layout-flex\">\n<div class=\"wp-block-column is-vertically-aligned-center is-layout-flow wp-block-column-is-layout-flow\" style=\"flex-basis:100%\">\n<div class=\"wp-block-columns are-vertically-aligned-center is-layout-flex wp-container-core-columns-is-layout-9d6595d7 wp-block-columns-is-layout-flex\">\n<div class=\"wp-block-column is-vertically-aligned-center is-layout-flow wp-block-column-is-layout-flow\" style=\"flex-basis:100%\">\n<div class=\"wp-block-columns is-layout-flex wp-container-core-columns-is-layout-9d6595d7 wp-block-columns-is-layout-flex\">\n<div class=\"wp-block-column is-vertically-aligned-center is-layout-flow wp-block-column-is-layout-flow\" style=\"flex-basis:100%\">\n<div class=\"wp-block-cover aligncenter is-light\" style=\"min-height:200px;aspect-ratio:unset;\"><span aria-hidden=\"true\" class=\"wp-block-cover__background has-white-background-color has-background-dim-100 has-background-dim\"><\/span><div class=\"wp-block-cover__inner-container is-layout-flow wp-block-cover-is-layout-flow\">\n<div class=\"wp-block-group\"><div class=\"wp-block-group__inner-container is-layout-flow wp-block-group-is-layout-flow\">\n<div id=\"presentation\" class=\"wp-block-group has-yellow-color has-text-color\"><div class=\"wp-block-group__inner-container is-layout-flow wp-block-group-is-layout-flow\">\n<div class=\"wp-block-group has-yellow-color has-text-color\"><div class=\"wp-block-group__inner-container is-layout-flow wp-block-group-is-layout-flow\">\n<div id=\"presentation\" class=\"wp-block-group has-yellow-color has-text-color\"><div class=\"wp-block-group__inner-container is-layout-flow wp-block-group-is-layout-flow\">\n<div class=\"wp-block-group\"><div class=\"wp-block-group__inner-container is-layout-flow wp-block-group-is-layout-flow\">\n<div class=\"wp-block-group\"><div class=\"wp-block-group__inner-container is-layout-flow wp-block-group-is-layout-flow\">\n<div class=\"wp-block-columns has-black-color has-white-background-color has-text-color has-background is-layout-flex wp-container-core-columns-is-layout-9d6595d7 wp-block-columns-is-layout-flex\" id=\"presentation\">\n<div class=\"wp-block-column is-vertically-aligned-center is-layout-flow wp-block-column-is-layout-flow\" style=\"flex-basis:100%\">\n<p class=\"has-drop-cap has-text-align-left\">Nous r\u00e9alisons des meubles en bois massif exclusivement \u00e0 la main, c\u2019est-\u00e0-dire sans machines ni m\u00eame outillage \u00e9lectroportatif.<\/p>\n\n\n\n<p class=\"has-drop-cap has-text-align-left\"><br>Le bois que nous travaillons est local et nous n\u2019utilisons pas de d\u00e9riv\u00e9s du bois.<strong><br><\/strong><\/p>\n<\/div>\n<\/div>\n<\/div><\/div>\n<\/div><\/div>\n<\/div><\/div>\n<\/div><\/div>\n<\/div><\/div>\n\n\n\n<p><\/p>\n<\/div><\/div>\n\n\n\n<figure class=\"wp-block-image size-full is-style-default\"><img loading=\"lazy\" decoding=\"async\" width=\"800\" height=\"530\" src=\"https:\/\/lesplanchescourbes.com\/archives\/wp-content\/uploads\/2021\/11\/Assise-Chaise-n\u00b01_Canonet_Atelier.jpg\" alt=\"\" class=\"wp-image-629\" srcset=\"https:\/\/lesplanchescourbes.com\/archives\/wp-content\/uploads\/2021\/11\/Assise-Chaise-n\u00b01_Canonet_Atelier.jpg 800w, https:\/\/lesplanchescourbes.com\/archives\/wp-content\/uploads\/2021\/11\/Assise-Chaise-n\u00b01_Canonet_Atelier-300x199.jpg 300w, https:\/\/lesplanchescourbes.com\/archives\/wp-content\/uploads\/2021\/11\/Assise-Chaise-n\u00b01_Canonet_Atelier-768x509.jpg 768w, https:\/\/lesplanchescourbes.com\/archives\/wp-content\/uploads\/2021\/11\/Assise-Chaise-n\u00b01_Canonet_Atelier-1x1.jpg 1w, https:\/\/lesplanchescourbes.com\/archives\/wp-content\/uploads\/2021\/11\/Assise-Chaise-n\u00b01_Canonet_Atelier-175x116.jpg 175w\" sizes=\"auto, (max-width: 800px) 100vw, 800px\" \/><figcaption class=\"wp-element-caption\">A<\/figcaption><\/figure>\n\n\n\n<p><\/p>\n<\/div><\/div>\n<\/div>\n<\/div>\n<\/div>\n<\/div>\n<\/div>\n<\/div>\n<\/div><\/div>\n<\/div><\/div>\n<\/div><\/div>\n<\/div><\/div>\n<\/div><\/div>\n<\/div><\/div>\n<\/div><\/div>\n<\/div><\/div>\n<\/div>\n<\/div>\n<\/div><\/div>\n<\/div><\/div>\n\n\n\n<p><\/p>\n\n\n\n<div class=\"wp-block-group\"><div class=\"wp-block-group__inner-container is-layout-flow wp-block-group-is-layout-flow\">\n<div class=\"wp-block-buttons is-layout-flex wp-block-buttons-is-layout-flex\">\n<div class=\"wp-block-button has-custom-font-size has-small-font-size\"><a class=\"wp-block-button__link has-luminous-vivid-orange-color has-cyan-bluish-gray-background-color has-text-color has-background wp-element-button\" href=\"https:\/\/lesplanchescourbes.com\/archives\/les-planches-courbes\/mentions-legales\/\" style=\"border-radius:6px\">Mentions l\u00e9gales<\/a><\/div>\n<\/div>\n<\/div><\/div>\n\n\n\n<p><\/p>\n","protected":false},"excerpt":{"rendered":"","protected":false},"author":1,"featured_media":0,"parent":0,"menu_order":0,"comment_status":"closed","ping_status":"closed","template":"templates\/centered.php","meta":{"footnotes":""},"class_list":["post-34","page","type-page","status-publish","hentry"],"yoast_head":"<!-- This site is optimized with the Yoast SEO plugin v27.5 - https:\/\/yoast.com\/product\/yoast-seo-wordpress\/ -->\n<title>Les Planches Courbes - Fabrication de mobilier bois \u00e0 la main<\/title>\n<meta name=\"description\" content=\"Nous r\u00e9alisons du mobilier en bois massif exclusivement \u00e0 la main, sans machine ni outillage \u00e9lectroportatif.\" \/>\n<meta name=\"robots\" content=\"index, follow, max-snippet:-1, max-image-preview:large, max-video-preview:-1\" \/>\n<link rel=\"canonical\" href=\"https:\/\/lesplanchescourbes.com\/archives\/\" \/>\n<meta property=\"og:locale\" content=\"fr_FR\" \/>\n<meta property=\"og:type\" content=\"article\" \/>\n<meta property=\"og:title\" content=\"Les Planches Courbes - Fabrication de mobilier bois \u00e0 la main\" \/>\n<meta property=\"og:description\" content=\"Nous r\u00e9alisons du mobilier en bois massif exclusivement \u00e0 la main, sans machine ni outillage \u00e9lectroportatif.\" \/>\n<meta property=\"og:url\" content=\"https:\/\/lesplanchescourbes.com\/archives\/\" \/>\n<meta property=\"og:site_name\" content=\"Les Planches Courbes\" \/>\n<meta property=\"article:modified_time\" content=\"2024-08-01T12:08:13+00:00\" \/>\n<meta property=\"og:image\" content=\"https:\/\/lesplanchescourbes.com\/archives\/wp-content\/uploads\/2022\/01\/Table-0-1-e1641221011926-edited.jpg\" \/>\n<meta name=\"twitter:card\" content=\"summary_large_image\" \/>\n<meta name=\"twitter:label1\" content=\"Dur\u00e9e de lecture estim\u00e9e\" \/>\n\t<meta name=\"twitter:data1\" content=\"1 minute\" \/>\n<script type=\"application\/ld+json\" class=\"yoast-schema-graph\">{\"@context\":\"https:\\\/\\\/schema.org\",\"@graph\":[{\"@type\":\"WebPage\",\"@id\":\"https:\\\/\\\/lesplanchescourbes.com\\\/archives\\\/\",\"url\":\"https:\\\/\\\/lesplanchescourbes.com\\\/archives\\\/\",\"name\":\"Les Planches Courbes - Fabrication de mobilier bois \u00e0 la main\",\"isPartOf\":{\"@id\":\"https:\\\/\\\/lesplanchescourbes.com\\\/archives\\\/#website\"},\"primaryImageOfPage\":{\"@id\":\"https:\\\/\\\/lesplanchescourbes.com\\\/archives\\\/#primaryimage\"},\"image\":{\"@id\":\"https:\\\/\\\/lesplanchescourbes.com\\\/archives\\\/#primaryimage\"},\"thumbnailUrl\":\"https:\\\/\\\/lesplanchescourbes.com\\\/archives\\\/wp-content\\\/uploads\\\/2022\\\/01\\\/Table-0-1-e1641221011926-edited.jpg\",\"datePublished\":\"2021-10-03T14:37:03+00:00\",\"dateModified\":\"2024-08-01T12:08:13+00:00\",\"description\":\"Nous r\u00e9alisons du mobilier en bois massif exclusivement \u00e0 la main, sans machine ni outillage \u00e9lectroportatif.\",\"breadcrumb\":{\"@id\":\"https:\\\/\\\/lesplanchescourbes.com\\\/archives\\\/#breadcrumb\"},\"inLanguage\":\"fr-FR\",\"potentialAction\":[{\"@type\":\"ReadAction\",\"target\":[\"https:\\\/\\\/lesplanchescourbes.com\\\/archives\\\/\"]}]},{\"@type\":\"ImageObject\",\"inLanguage\":\"fr-FR\",\"@id\":\"https:\\\/\\\/lesplanchescourbes.com\\\/archives\\\/#primaryimage\",\"url\":\"https:\\\/\\\/lesplanchescourbes.com\\\/archives\\\/wp-content\\\/uploads\\\/2022\\\/01\\\/Table-0-1-e1641221011926-edited.jpg\",\"contentUrl\":\"https:\\\/\\\/lesplanchescourbes.com\\\/archives\\\/wp-content\\\/uploads\\\/2022\\\/01\\\/Table-0-1-e1641221011926-edited.jpg\",\"width\":697,\"height\":981},{\"@type\":\"BreadcrumbList\",\"@id\":\"https:\\\/\\\/lesplanchescourbes.com\\\/archives\\\/#breadcrumb\",\"itemListElement\":[{\"@type\":\"ListItem\",\"position\":1,\"name\":\"Accueil\",\"item\":\"https:\\\/\\\/lesplanchescourbes.com\\\/archives\\\/\"},{\"@type\":\"ListItem\",\"position\":2,\"name\":\"Les Planches Courbes\"}]},{\"@type\":\"WebSite\",\"@id\":\"https:\\\/\\\/lesplanchescourbes.com\\\/archives\\\/#website\",\"url\":\"https:\\\/\\\/lesplanchescourbes.com\\\/archives\\\/\",\"name\":\"Les Planches Courbes\",\"description\":\"Eb\u00e9nistes et Chaisiers \u00e0 la main\",\"publisher\":{\"@id\":\"https:\\\/\\\/lesplanchescourbes.com\\\/archives\\\/#organization\"},\"potentialAction\":[{\"@type\":\"SearchAction\",\"target\":{\"@type\":\"EntryPoint\",\"urlTemplate\":\"https:\\\/\\\/lesplanchescourbes.com\\\/archives\\\/?s={search_term_string}\"},\"query-input\":{\"@type\":\"PropertyValueSpecification\",\"valueRequired\":true,\"valueName\":\"search_term_string\"}}],\"inLanguage\":\"fr-FR\"},{\"@type\":\"Organization\",\"@id\":\"https:\\\/\\\/lesplanchescourbes.com\\\/archives\\\/#organization\",\"name\":\"Les Planches Courbes\",\"url\":\"https:\\\/\\\/lesplanchescourbes.com\\\/archives\\\/\",\"logo\":{\"@type\":\"ImageObject\",\"inLanguage\":\"fr-FR\",\"@id\":\"https:\\\/\\\/lesplanchescourbes.com\\\/archives\\\/#\\\/schema\\\/logo\\\/image\\\/\",\"url\":\"https:\\\/\\\/lesplanchescourbes.com\\\/archives\\\/wp-content\\\/uploads\\\/2021\\\/10\\\/cropped-Logo-_LPC_NB-2-e1635511319272.png\",\"contentUrl\":\"https:\\\/\\\/lesplanchescourbes.com\\\/archives\\\/wp-content\\\/uploads\\\/2021\\\/10\\\/cropped-Logo-_LPC_NB-2-e1635511319272.png\",\"width\":134,\"height\":63,\"caption\":\"Les Planches Courbes\"},\"image\":{\"@id\":\"https:\\\/\\\/lesplanchescourbes.com\\\/archives\\\/#\\\/schema\\\/logo\\\/image\\\/\"}}]}<\/script>\n<!-- \/ Yoast SEO plugin. -->","yoast_head_json":{"title":"Les Planches Courbes - Fabrication de mobilier bois \u00e0 la main","description":"Nous r\u00e9alisons du mobilier en bois massif exclusivement \u00e0 la main, sans machine ni outillage \u00e9lectroportatif.","robots":{"index":"index","follow":"follow","max-snippet":"max-snippet:-1","max-image-preview":"max-image-preview:large","max-video-preview":"max-video-preview:-1"},"canonical":"https:\/\/lesplanchescourbes.com\/archives\/","og_locale":"fr_FR","og_type":"article","og_title":"Les Planches Courbes - Fabrication de mobilier bois \u00e0 la main","og_description":"Nous r\u00e9alisons du mobilier en bois massif exclusivement \u00e0 la main, sans machine ni outillage \u00e9lectroportatif.","og_url":"https:\/\/lesplanchescourbes.com\/archives\/","og_site_name":"Les Planches Courbes","article_modified_time":"2024-08-01T12:08:13+00:00","og_image":[{"url":"https:\/\/lesplanchescourbes.com\/archives\/wp-content\/uploads\/2022\/01\/Table-0-1-e1641221011926-edited.jpg","type":"","width":"","height":""}],"twitter_card":"summary_large_image","twitter_misc":{"Dur\u00e9e de lecture estim\u00e9e":"1 minute"},"schema":{"@context":"https:\/\/schema.org","@graph":[{"@type":"WebPage","@id":"https:\/\/lesplanchescourbes.com\/archives\/","url":"https:\/\/lesplanchescourbes.com\/archives\/","name":"Les Planches Courbes - Fabrication de mobilier bois \u00e0 la main","isPartOf":{"@id":"https:\/\/lesplanchescourbes.com\/archives\/#website"},"primaryImageOfPage":{"@id":"https:\/\/lesplanchescourbes.com\/archives\/#primaryimage"},"image":{"@id":"https:\/\/lesplanchescourbes.com\/archives\/#primaryimage"},"thumbnailUrl":"https:\/\/lesplanchescourbes.com\/archives\/wp-content\/uploads\/2022\/01\/Table-0-1-e1641221011926-edited.jpg","datePublished":"2021-10-03T14:37:03+00:00","dateModified":"2024-08-01T12:08:13+00:00","description":"Nous r\u00e9alisons du mobilier en bois massif exclusivement \u00e0 la main, sans machine ni outillage \u00e9lectroportatif.","breadcrumb":{"@id":"https:\/\/lesplanchescourbes.com\/archives\/#breadcrumb"},"inLanguage":"fr-FR","potentialAction":[{"@type":"ReadAction","target":["https:\/\/lesplanchescourbes.com\/archives\/"]}]},{"@type":"ImageObject","inLanguage":"fr-FR","@id":"https:\/\/lesplanchescourbes.com\/archives\/#primaryimage","url":"https:\/\/lesplanchescourbes.com\/archives\/wp-content\/uploads\/2022\/01\/Table-0-1-e1641221011926-edited.jpg","contentUrl":"https:\/\/lesplanchescourbes.com\/archives\/wp-content\/uploads\/2022\/01\/Table-0-1-e1641221011926-edited.jpg","width":697,"height":981},{"@type":"BreadcrumbList","@id":"https:\/\/lesplanchescourbes.com\/archives\/#breadcrumb","itemListElement":[{"@type":"ListItem","position":1,"name":"Accueil","item":"https:\/\/lesplanchescourbes.com\/archives\/"},{"@type":"ListItem","position":2,"name":"Les Planches Courbes"}]},{"@type":"WebSite","@id":"https:\/\/lesplanchescourbes.com\/archives\/#website","url":"https:\/\/lesplanchescourbes.com\/archives\/","name":"Les Planches Courbes","description":"Eb\u00e9nistes et Chaisiers \u00e0 la main","publisher":{"@id":"https:\/\/lesplanchescourbes.com\/archives\/#organization"},"potentialAction":[{"@type":"SearchAction","target":{"@type":"EntryPoint","urlTemplate":"https:\/\/lesplanchescourbes.com\/archives\/?s={search_term_string}"},"query-input":{"@type":"PropertyValueSpecification","valueRequired":true,"valueName":"search_term_string"}}],"inLanguage":"fr-FR"},{"@type":"Organization","@id":"https:\/\/lesplanchescourbes.com\/archives\/#organization","name":"Les Planches Courbes","url":"https:\/\/lesplanchescourbes.com\/archives\/","logo":{"@type":"ImageObject","inLanguage":"fr-FR","@id":"https:\/\/lesplanchescourbes.com\/archives\/#\/schema\/logo\/image\/","url":"https:\/\/lesplanchescourbes.com\/archives\/wp-content\/uploads\/2021\/10\/cropped-Logo-_LPC_NB-2-e1635511319272.png","contentUrl":"https:\/\/lesplanchescourbes.com\/archives\/wp-content\/uploads\/2021\/10\/cropped-Logo-_LPC_NB-2-e1635511319272.png","width":134,"height":63,"caption":"Les Planches Courbes"},"image":{"@id":"https:\/\/lesplanchescourbes.com\/archives\/#\/schema\/logo\/image\/"}}]}},"_links":{"self":[{"href":"https:\/\/lesplanchescourbes.com\/archives\/wp-json\/wp\/v2\/pages\/34","targetHints":{"allow":["GET"]}}],"collection":[{"href":"https:\/\/lesplanchescourbes.com\/archives\/wp-json\/wp\/v2\/pages"}],"about":[{"href":"https:\/\/lesplanchescourbes.com\/archives\/wp-json\/wp\/v2\/types\/page"}],"author":[{"embeddable":true,"href":"https:\/\/lesplanchescourbes.com\/archives\/wp-json\/wp\/v2\/users\/1"}],"replies":[{"embeddable":true,"href":"https:\/\/lesplanchescourbes.com\/archives\/wp-json\/wp\/v2\/comments?post=34"}],"version-history":[{"count":107,"href":"https:\/\/lesplanchescourbes.com\/archives\/wp-json\/wp\/v2\/pages\/34\/revisions"}],"predecessor-version":[{"id":1307,"href":"https:\/\/lesplanchescourbes.com\/archives\/wp-json\/wp\/v2\/pages\/34\/revisions\/1307"}],"wp:attachment":[{"href":"https:\/\/lesplanchescourbes.com\/archives\/wp-json\/wp\/v2\/media?parent=34"}],"curies":[{"name":"wp","href":"https:\/\/api.w.org\/{rel}","templated":true}]}}