{"id":563,"date":"2021-10-30T16:53:15","date_gmt":"2021-10-30T14:53:15","guid":{"rendered":"https:\/\/lesplanchescourbes.com\/?page_id=563"},"modified":"2021-12-02T12:28:00","modified_gmt":"2021-12-02T11:28:00","slug":"mentions-legales","status":"publish","type":"page","link":"https:\/\/lesplanchescourbes.com\/archives\/mobilier-bois-massif-a-la-main\/mentions-legales\/","title":{"rendered":"Mentions l\u00e9gales"},"content":{"rendered":"\n<p class=\"has-text-color\" style=\"color:#d86c00\">Le pr\u00e9sent site est la propri\u00e9t\u00e9 de Les Planches Courbes<\/p>\n\n\n\n<p class=\"has-text-color\" style=\"color:#d86c00\">E-mail : atelier@lesplanchescourbes.com<\/p>\n\n\n\n<p class=\"has-text-color\" style=\"color:#d86c00\">H\u00e9bergeur : OVH 2 rue Kellermann, BP 80157, 59100 Roubaix<\/p>\n\n\n\n<p class=\"has-text-color\" style=\"color:#d86c00\">Cr\u00e9dits photographiques : Les Planches Courbes et Jean Bugnano<\/p>\n\n\n\n<p class=\"has-text-color\" style=\"color:#d86c00\">Responsabilit\u00e9 \u00e9ditoriale : Les Planches Courbes<\/p>\n","protected":false},"excerpt":{"rendered":"<p>Le pr\u00e9sent site est la propri\u00e9t\u00e9 de Les Planches Courbes E-mail : atelier@lesplanchescourbes.com H\u00e9bergeur : OVH 2 rue Kellermann, BP 80157, 59100 Roubaix Cr\u00e9dits photographiques : Les Planches Courbes et Jean Bugnano Responsabilit\u00e9 \u00e9ditoriale : Les Planches Courbes<\/p>\n","protected":false},"author":1,"featured_media":674,"parent":34,"menu_order":-1,"comment_status":"closed","ping_status":"closed","template":"","meta":{"footnotes":""},"class_list":["post-563","page","type-page","status-publish","has-post-thumbnail","hentry"],"yoast_head":"<!-- This site is optimized with the Yoast SEO plugin v27.5 - https:\/\/yoast.com\/product\/yoast-seo-wordpress\/ -->\n<title>Mentions l\u00e9gales - Les Planches Courbes<\/title>\n<meta name=\"robots\" content=\"index, follow, max-snippet:-1, max-image-preview:large, max-video-preview:-1\" \/>\n<link rel=\"canonical\" href=\"https:\/\/lesplanchescourbes.com\/archives\/les-planches-courbes\/mentions-legales\/\" \/>\n<meta property=\"og:locale\" content=\"fr_FR\" \/>\n<meta property=\"og:type\" content=\"article\" \/>\n<meta property=\"og:title\" content=\"Mentions l\u00e9gales - Les Planches Courbes\" \/>\n<meta property=\"og:description\" content=\"Le pr\u00e9sent site est la propri\u00e9t\u00e9 de Les Planches Courbes E-mail : atelier@lesplanchescourbes.com H\u00e9bergeur : OVH 2 rue Kellermann, BP 80157, 59100 Roubaix Cr\u00e9dits photographiques : Les Planches Courbes et Jean Bugnano Responsabilit\u00e9 \u00e9ditoriale : Les Planches Courbes\" \/>\n<meta property=\"og:url\" content=\"https:\/\/lesplanchescourbes.com\/archives\/les-planches-courbes\/mentions-legales\/\" \/>\n<meta property=\"og:site_name\" content=\"Les Planches Courbes\" \/>\n<meta property=\"article:modified_time\" content=\"2021-12-02T11:28:00+00:00\" \/>\n<meta property=\"og:image\" content=\"https:\/\/lesplanchescourbes.com\/archives\/wp-content\/uploads\/2021\/11\/Banc-dA\u0302ne-Copeaux.jpeg\" \/>\n\t<meta property=\"og:image:width\" content=\"800\" \/>\n\t<meta property=\"og:image:height\" content=\"1195\" \/>\n\t<meta property=\"og:image:type\" content=\"image\/jpeg\" \/>\n<meta name=\"twitter:card\" content=\"summary_large_image\" \/>\n<script type=\"application\/ld+json\" class=\"yoast-schema-graph\">{\"@context\":\"https:\\\/\\\/schema.org\",\"@graph\":[{\"@type\":\"WebPage\",\"@id\":\"https:\\\/\\\/lesplanchescourbes.com\\\/archives\\\/les-planches-courbes\\\/mentions-legales\\\/\",\"url\":\"https:\\\/\\\/lesplanchescourbes.com\\\/archives\\\/les-planches-courbes\\\/mentions-legales\\\/\",\"name\":\"Mentions l\u00e9gales - Les Planches Courbes\",\"isPartOf\":{\"@id\":\"https:\\\/\\\/lesplanchescourbes.com\\\/archives\\\/#website\"},\"primaryImageOfPage\":{\"@id\":\"https:\\\/\\\/lesplanchescourbes.com\\\/archives\\\/les-planches-courbes\\\/mentions-legales\\\/#primaryimage\"},\"image\":{\"@id\":\"https:\\\/\\\/lesplanchescourbes.com\\\/archives\\\/les-planches-courbes\\\/mentions-legales\\\/#primaryimage\"},\"thumbnailUrl\":\"https:\\\/\\\/lesplanchescourbes.com\\\/archives\\\/wp-content\\\/uploads\\\/2021\\\/11\\\/Banc-dA\u0302ne-Copeaux.jpeg\",\"datePublished\":\"2021-10-30T14:53:15+00:00\",\"dateModified\":\"2021-12-02T11:28:00+00:00\",\"breadcrumb\":{\"@id\":\"https:\\\/\\\/lesplanchescourbes.com\\\/archives\\\/les-planches-courbes\\\/mentions-legales\\\/#breadcrumb\"},\"inLanguage\":\"fr-FR\",\"potentialAction\":[{\"@type\":\"ReadAction\",\"target\":[\"https:\\\/\\\/lesplanchescourbes.com\\\/archives\\\/les-planches-courbes\\\/mentions-legales\\\/\"]}]},{\"@type\":\"ImageObject\",\"inLanguage\":\"fr-FR\",\"@id\":\"https:\\\/\\\/lesplanchescourbes.com\\\/archives\\\/les-planches-courbes\\\/mentions-legales\\\/#primaryimage\",\"url\":\"https:\\\/\\\/lesplanchescourbes.com\\\/archives\\\/wp-content\\\/uploads\\\/2021\\\/11\\\/Banc-dA\u0302ne-Copeaux.jpeg\",\"contentUrl\":\"https:\\\/\\\/lesplanchescourbes.com\\\/archives\\\/wp-content\\\/uploads\\\/2021\\\/11\\\/Banc-dA\u0302ne-Copeaux.jpeg\",\"width\":800,\"height\":1195},{\"@type\":\"BreadcrumbList\",\"@id\":\"https:\\\/\\\/lesplanchescourbes.com\\\/archives\\\/les-planches-courbes\\\/mentions-legales\\\/#breadcrumb\",\"itemListElement\":[{\"@type\":\"ListItem\",\"position\":1,\"name\":\"Accueil\",\"item\":\"https:\\\/\\\/lesplanchescourbes.com\\\/archives\\\/\"},{\"@type\":\"ListItem\",\"position\":2,\"name\":\"Les Planches Courbes\",\"item\":\"https:\\\/\\\/lesplanchescourbes.com\\\/archives\\\/\"},{\"@type\":\"ListItem\",\"position\":3,\"name\":\"Mentions l\u00e9gales\"}]},{\"@type\":\"WebSite\",\"@id\":\"https:\\\/\\\/lesplanchescourbes.com\\\/archives\\\/#website\",\"url\":\"https:\\\/\\\/lesplanchescourbes.com\\\/archives\\\/\",\"name\":\"Les Planches Courbes\",\"description\":\"Eb\u00e9nistes et Chaisiers \u00e0 la main\",\"publisher\":{\"@id\":\"https:\\\/\\\/lesplanchescourbes.com\\\/archives\\\/#organization\"},\"potentialAction\":[{\"@type\":\"SearchAction\",\"target\":{\"@type\":\"EntryPoint\",\"urlTemplate\":\"https:\\\/\\\/lesplanchescourbes.com\\\/archives\\\/?s={search_term_string}\"},\"query-input\":{\"@type\":\"PropertyValueSpecification\",\"valueRequired\":true,\"valueName\":\"search_term_string\"}}],\"inLanguage\":\"fr-FR\"},{\"@type\":\"Organization\",\"@id\":\"https:\\\/\\\/lesplanchescourbes.com\\\/archives\\\/#organization\",\"name\":\"Les Planches Courbes\",\"url\":\"https:\\\/\\\/lesplanchescourbes.com\\\/archives\\\/\",\"logo\":{\"@type\":\"ImageObject\",\"inLanguage\":\"fr-FR\",\"@id\":\"https:\\\/\\\/lesplanchescourbes.com\\\/archives\\\/#\\\/schema\\\/logo\\\/image\\\/\",\"url\":\"https:\\\/\\\/lesplanchescourbes.com\\\/archives\\\/wp-content\\\/uploads\\\/2021\\\/10\\\/cropped-Logo-_LPC_NB-2-e1635511319272.png\",\"contentUrl\":\"https:\\\/\\\/lesplanchescourbes.com\\\/archives\\\/wp-content\\\/uploads\\\/2021\\\/10\\\/cropped-Logo-_LPC_NB-2-e1635511319272.png\",\"width\":134,\"height\":63,\"caption\":\"Les Planches Courbes\"},\"image\":{\"@id\":\"https:\\\/\\\/lesplanchescourbes.com\\\/archives\\\/#\\\/schema\\\/logo\\\/image\\\/\"}}]}<\/script>\n<!-- \/ Yoast SEO plugin. -->","yoast_head_json":{"title":"Mentions l\u00e9gales - Les Planches Courbes","robots":{"index":"index","follow":"follow","max-snippet":"max-snippet:-1","max-image-preview":"max-image-preview:large","max-video-preview":"max-video-preview:-1"},"canonical":"https:\/\/lesplanchescourbes.com\/archives\/les-planches-courbes\/mentions-legales\/","og_locale":"fr_FR","og_type":"article","og_title":"Mentions l\u00e9gales - Les Planches Courbes","og_description":"Le pr\u00e9sent site est la propri\u00e9t\u00e9 de Les Planches Courbes E-mail : atelier@lesplanchescourbes.com H\u00e9bergeur : OVH 2 rue Kellermann, BP 80157, 59100 Roubaix Cr\u00e9dits photographiques : Les Planches Courbes et Jean Bugnano Responsabilit\u00e9 \u00e9ditoriale : Les Planches Courbes","og_url":"https:\/\/lesplanchescourbes.com\/archives\/les-planches-courbes\/mentions-legales\/","og_site_name":"Les Planches Courbes","article_modified_time":"2021-12-02T11:28:00+00:00","og_image":[{"width":800,"height":1195,"url":"https:\/\/lesplanchescourbes.com\/archives\/wp-content\/uploads\/2021\/11\/Banc-dA\u0302ne-Copeaux.jpeg","type":"image\/jpeg"}],"twitter_card":"summary_large_image","schema":{"@context":"https:\/\/schema.org","@graph":[{"@type":"WebPage","@id":"https:\/\/lesplanchescourbes.com\/archives\/les-planches-courbes\/mentions-legales\/","url":"https:\/\/lesplanchescourbes.com\/archives\/les-planches-courbes\/mentions-legales\/","name":"Mentions l\u00e9gales - Les Planches Courbes","isPartOf":{"@id":"https:\/\/lesplanchescourbes.com\/archives\/#website"},"primaryImageOfPage":{"@id":"https:\/\/lesplanchescourbes.com\/archives\/les-planches-courbes\/mentions-legales\/#primaryimage"},"image":{"@id":"https:\/\/lesplanchescourbes.com\/archives\/les-planches-courbes\/mentions-legales\/#primaryimage"},"thumbnailUrl":"https:\/\/lesplanchescourbes.com\/archives\/wp-content\/uploads\/2021\/11\/Banc-dA\u0302ne-Copeaux.jpeg","datePublished":"2021-10-30T14:53:15+00:00","dateModified":"2021-12-02T11:28:00+00:00","breadcrumb":{"@id":"https:\/\/lesplanchescourbes.com\/archives\/les-planches-courbes\/mentions-legales\/#breadcrumb"},"inLanguage":"fr-FR","potentialAction":[{"@type":"ReadAction","target":["https:\/\/lesplanchescourbes.com\/archives\/les-planches-courbes\/mentions-legales\/"]}]},{"@type":"ImageObject","inLanguage":"fr-FR","@id":"https:\/\/lesplanchescourbes.com\/archives\/les-planches-courbes\/mentions-legales\/#primaryimage","url":"https:\/\/lesplanchescourbes.com\/archives\/wp-content\/uploads\/2021\/11\/Banc-dA\u0302ne-Copeaux.jpeg","contentUrl":"https:\/\/lesplanchescourbes.com\/archives\/wp-content\/uploads\/2021\/11\/Banc-dA\u0302ne-Copeaux.jpeg","width":800,"height":1195},{"@type":"BreadcrumbList","@id":"https:\/\/lesplanchescourbes.com\/archives\/les-planches-courbes\/mentions-legales\/#breadcrumb","itemListElement":[{"@type":"ListItem","position":1,"name":"Accueil","item":"https:\/\/lesplanchescourbes.com\/archives\/"},{"@type":"ListItem","position":2,"name":"Les Planches Courbes","item":"https:\/\/lesplanchescourbes.com\/archives\/"},{"@type":"ListItem","position":3,"name":"Mentions l\u00e9gales"}]},{"@type":"WebSite","@id":"https:\/\/lesplanchescourbes.com\/archives\/#website","url":"https:\/\/lesplanchescourbes.com\/archives\/","name":"Les Planches Courbes","description":"Eb\u00e9nistes et Chaisiers \u00e0 la main","publisher":{"@id":"https:\/\/lesplanchescourbes.com\/archives\/#organization"},"potentialAction":[{"@type":"SearchAction","target":{"@type":"EntryPoint","urlTemplate":"https:\/\/lesplanchescourbes.com\/archives\/?s={search_term_string}"},"query-input":{"@type":"PropertyValueSpecification","valueRequired":true,"valueName":"search_term_string"}}],"inLanguage":"fr-FR"},{"@type":"Organization","@id":"https:\/\/lesplanchescourbes.com\/archives\/#organization","name":"Les Planches Courbes","url":"https:\/\/lesplanchescourbes.com\/archives\/","logo":{"@type":"ImageObject","inLanguage":"fr-FR","@id":"https:\/\/lesplanchescourbes.com\/archives\/#\/schema\/logo\/image\/","url":"https:\/\/lesplanchescourbes.com\/archives\/wp-content\/uploads\/2021\/10\/cropped-Logo-_LPC_NB-2-e1635511319272.png","contentUrl":"https:\/\/lesplanchescourbes.com\/archives\/wp-content\/uploads\/2021\/10\/cropped-Logo-_LPC_NB-2-e1635511319272.png","width":134,"height":63,"caption":"Les Planches Courbes"},"image":{"@id":"https:\/\/lesplanchescourbes.com\/archives\/#\/schema\/logo\/image\/"}}]}},"_links":{"self":[{"href":"https:\/\/lesplanchescourbes.com\/archives\/wp-json\/wp\/v2\/pages\/563","targetHints":{"allow":["GET"]}}],"collection":[{"href":"https:\/\/lesplanchescourbes.com\/archives\/wp-json\/wp\/v2\/pages"}],"about":[{"href":"https:\/\/lesplanchescourbes.com\/archives\/wp-json\/wp\/v2\/types\/page"}],"author":[{"embeddable":true,"href":"https:\/\/lesplanchescourbes.com\/archives\/wp-json\/wp\/v2\/users\/1"}],"replies":[{"embeddable":true,"href":"https:\/\/lesplanchescourbes.com\/archives\/wp-json\/wp\/v2\/comments?post=563"}],"version-history":[{"count":3,"href":"https:\/\/lesplanchescourbes.com\/archives\/wp-json\/wp\/v2\/pages\/563\/revisions"}],"predecessor-version":[{"id":821,"href":"https:\/\/lesplanchescourbes.com\/archives\/wp-json\/wp\/v2\/pages\/563\/revisions\/821"}],"up":[{"embeddable":true,"href":"https:\/\/lesplanchescourbes.com\/archives\/wp-json\/wp\/v2\/pages\/34"}],"wp:featuredmedia":[{"embeddable":true,"href":"https:\/\/lesplanchescourbes.com\/archives\/wp-json\/wp\/v2\/media\/674"}],"wp:attachment":[{"href":"https:\/\/lesplanchescourbes.com\/archives\/wp-json\/wp\/v2\/media?parent=563"}],"curies":[{"name":"wp","href":"https:\/\/api.w.org\/{rel}","templated":true}]}}