{"id":567,"date":"2021-10-30T17:08:54","date_gmt":"2021-10-30T15:08:54","guid":{"rendered":"https:\/\/lesplanchescourbes.com\/?page_id=567"},"modified":"2023-01-10T14:02:05","modified_gmt":"2023-01-10T13:02:05","slug":"contact-atelier-ebenisterie-fabrication-chaise-a-la-main","status":"publish","type":"page","link":"https:\/\/lesplanchescourbes.com\/archives\/contact-atelier-ebenisterie-fabrication-chaise-a-la-main\/","title":{"rendered":"Contact"},"content":{"rendered":"\n<div class=\"wp-block-contact-form-7-contact-form-selector\">\n<div class=\"wpcf7 no-js\" id=\"wpcf7-f1058-o1\" lang=\"fr-FR\" dir=\"ltr\" data-wpcf7-id=\"1058\">\n<div class=\"screen-reader-response\"><p role=\"status\" aria-live=\"polite\" aria-atomic=\"true\"><\/p> <ul><\/ul><\/div>\n<form action=\"\/archives\/wp-json\/wp\/v2\/pages\/567#wpcf7-f1058-o1\" method=\"post\" class=\"wpcf7-form init\" aria-label=\"Formulaire de contact\" novalidate=\"novalidate\" data-status=\"init\">\n<fieldset class=\"hidden-fields-container\"><input type=\"hidden\" name=\"_wpcf7\" value=\"1058\" \/><input type=\"hidden\" name=\"_wpcf7_version\" value=\"6.1.5\" \/><input type=\"hidden\" name=\"_wpcf7_locale\" value=\"fr_FR\" \/><input type=\"hidden\" name=\"_wpcf7_unit_tag\" value=\"wpcf7-f1058-o1\" \/><input type=\"hidden\" name=\"_wpcf7_container_post\" value=\"0\" \/><input type=\"hidden\" name=\"_wpcf7_posted_data_hash\" value=\"\" \/>\n<\/fieldset>\n<p><label> Votre nom<br \/>\n<span class=\"wpcf7-form-control-wrap\" data-name=\"your-name\"><input size=\"40\" maxlength=\"400\" class=\"wpcf7-form-control wpcf7-text wpcf7-validates-as-required\" aria-required=\"true\" aria-invalid=\"false\" value=\"\" type=\"text\" name=\"your-name\" \/><\/span> <\/label>\n<\/p>\n<p><label> Votre e-mail<br \/>\n<span class=\"wpcf7-form-control-wrap\" data-name=\"your-email\"><input size=\"40\" maxlength=\"400\" class=\"wpcf7-form-control wpcf7-email wpcf7-validates-as-required wpcf7-text wpcf7-validates-as-email\" aria-required=\"true\" aria-invalid=\"false\" value=\"\" type=\"email\" name=\"your-email\" \/><\/span> <\/label>\n<\/p>\n<p><label> Objet<br \/>\n<span class=\"wpcf7-form-control-wrap\" data-name=\"your-subject\"><input size=\"40\" maxlength=\"400\" class=\"wpcf7-form-control wpcf7-text wpcf7-validates-as-required\" aria-required=\"true\" aria-invalid=\"false\" value=\"\" type=\"text\" name=\"your-subject\" \/><\/span> <\/label>\n<\/p>\n<p><label> Votre message (facultatif)<br \/>\n<span class=\"wpcf7-form-control-wrap\" data-name=\"your-message\"><textarea cols=\"40\" rows=\"10\" maxlength=\"2000\" class=\"wpcf7-form-control wpcf7-textarea\" aria-invalid=\"false\" name=\"your-message\"><\/textarea><\/span> <\/label>\n<\/p>\n<p><input class=\"wpcf7-form-control wpcf7-submit has-spinner\" type=\"submit\" value=\"Envoyer\" \/>\n<\/p><p style=\"display: none !important;\" class=\"akismet-fields-container\" data-prefix=\"_wpcf7_ak_\"><label>&#916;<textarea name=\"_wpcf7_ak_hp_textarea\" cols=\"45\" rows=\"8\" maxlength=\"100\"><\/textarea><\/label><input type=\"hidden\" id=\"ak_js_1\" name=\"_wpcf7_ak_js\" value=\"107\"\/><script type=\"text\/javascript\">\n\/* <![CDATA[ *\/\ndocument.getElementById( \"ak_js_1\" ).setAttribute( \"value\", ( new Date() ).getTime() );\n\/* ]]> *\/\n<\/script>\n<\/p><div class=\"wpcf7-response-output\" aria-hidden=\"true\"><\/div>\n<\/form>\n<\/div>\n<\/div>\n\n\n\n<p class=\"has-text-align-left has-text-color\" style=\"color:#d86c00;font-size:14px\">Vous pouvez utiliser ce formulaire pour tous renseignements ou devis aupr\u00e8s de l&rsquo;atelier.<\/p>\n","protected":false},"excerpt":{"rendered":"<p>Vous pouvez utiliser ce formulaire pour tous renseignements ou devis aupr\u00e8s de l&rsquo;atelier.<\/p>\n","protected":false},"author":1,"featured_media":155,"parent":0,"menu_order":0,"comment_status":"closed","ping_status":"closed","template":"","meta":{"footnotes":""},"class_list":["post-567","page","type-page","status-publish","has-post-thumbnail","hentry"],"yoast_head":"<!-- This site is optimized with the Yoast SEO plugin v27.5 - https:\/\/yoast.com\/product\/yoast-seo-wordpress\/ -->\n<title>Contact - Les Planches Courbes<\/title>\n<meta name=\"description\" content=\"contact atelier \u00e9b\u00e9nisterie et chaisier \u00e0 la main en bois massif\" \/>\n<meta name=\"robots\" content=\"index, follow, max-snippet:-1, max-image-preview:large, max-video-preview:-1\" \/>\n<link rel=\"canonical\" href=\"https:\/\/lesplanchescourbes.com\/archives\/contact-atelier-ebenisterie-fabrication-chaise-a-la-main\/\" \/>\n<meta property=\"og:locale\" content=\"fr_FR\" \/>\n<meta property=\"og:type\" content=\"article\" \/>\n<meta property=\"og:title\" content=\"Contact - Les Planches Courbes\" \/>\n<meta property=\"og:description\" content=\"contact atelier \u00e9b\u00e9nisterie et chaisier \u00e0 la main en bois massif\" \/>\n<meta property=\"og:url\" content=\"https:\/\/lesplanchescourbes.com\/archives\/contact-atelier-ebenisterie-fabrication-chaise-a-la-main\/\" \/>\n<meta property=\"og:site_name\" content=\"Les Planches Courbes\" \/>\n<meta property=\"article:modified_time\" content=\"2023-01-10T13:02:05+00:00\" \/>\n<meta property=\"og:image\" content=\"https:\/\/lesplanchescourbes.com\/archives\/wp-content\/uploads\/2021\/10\/Logo-_LPC_NB.png\" \/>\n\t<meta property=\"og:image:width\" content=\"1920\" \/>\n\t<meta property=\"og:image:height\" content=\"1359\" \/>\n\t<meta property=\"og:image:type\" content=\"image\/png\" \/>\n<meta name=\"twitter:card\" content=\"summary_large_image\" \/>\n<meta name=\"twitter:label1\" content=\"Dur\u00e9e de lecture estim\u00e9e\" \/>\n\t<meta name=\"twitter:data1\" content=\"1 minute\" \/>\n<script type=\"application\/ld+json\" class=\"yoast-schema-graph\">{\"@context\":\"https:\\\/\\\/schema.org\",\"@graph\":[{\"@type\":\"WebPage\",\"@id\":\"https:\\\/\\\/lesplanchescourbes.com\\\/archives\\\/contact-atelier-ebenisterie-fabrication-chaise-a-la-main\\\/\",\"url\":\"https:\\\/\\\/lesplanchescourbes.com\\\/archives\\\/contact-atelier-ebenisterie-fabrication-chaise-a-la-main\\\/\",\"name\":\"Contact - Les Planches Courbes\",\"isPartOf\":{\"@id\":\"https:\\\/\\\/lesplanchescourbes.com\\\/archives\\\/#website\"},\"primaryImageOfPage\":{\"@id\":\"https:\\\/\\\/lesplanchescourbes.com\\\/archives\\\/contact-atelier-ebenisterie-fabrication-chaise-a-la-main\\\/#primaryimage\"},\"image\":{\"@id\":\"https:\\\/\\\/lesplanchescourbes.com\\\/archives\\\/contact-atelier-ebenisterie-fabrication-chaise-a-la-main\\\/#primaryimage\"},\"thumbnailUrl\":\"https:\\\/\\\/lesplanchescourbes.com\\\/archives\\\/wp-content\\\/uploads\\\/2021\\\/10\\\/Logo-_LPC_NB.png\",\"datePublished\":\"2021-10-30T15:08:54+00:00\",\"dateModified\":\"2023-01-10T13:02:05+00:00\",\"description\":\"contact atelier \u00e9b\u00e9nisterie et chaisier \u00e0 la main en bois massif\",\"breadcrumb\":{\"@id\":\"https:\\\/\\\/lesplanchescourbes.com\\\/archives\\\/contact-atelier-ebenisterie-fabrication-chaise-a-la-main\\\/#breadcrumb\"},\"inLanguage\":\"fr-FR\",\"potentialAction\":[{\"@type\":\"ReadAction\",\"target\":[\"https:\\\/\\\/lesplanchescourbes.com\\\/archives\\\/contact-atelier-ebenisterie-fabrication-chaise-a-la-main\\\/\"]}]},{\"@type\":\"ImageObject\",\"inLanguage\":\"fr-FR\",\"@id\":\"https:\\\/\\\/lesplanchescourbes.com\\\/archives\\\/contact-atelier-ebenisterie-fabrication-chaise-a-la-main\\\/#primaryimage\",\"url\":\"https:\\\/\\\/lesplanchescourbes.com\\\/archives\\\/wp-content\\\/uploads\\\/2021\\\/10\\\/Logo-_LPC_NB.png\",\"contentUrl\":\"https:\\\/\\\/lesplanchescourbes.com\\\/archives\\\/wp-content\\\/uploads\\\/2021\\\/10\\\/Logo-_LPC_NB.png\",\"width\":1920,\"height\":1359},{\"@type\":\"BreadcrumbList\",\"@id\":\"https:\\\/\\\/lesplanchescourbes.com\\\/archives\\\/contact-atelier-ebenisterie-fabrication-chaise-a-la-main\\\/#breadcrumb\",\"itemListElement\":[{\"@type\":\"ListItem\",\"position\":1,\"name\":\"Accueil\",\"item\":\"https:\\\/\\\/lesplanchescourbes.com\\\/archives\\\/\"},{\"@type\":\"ListItem\",\"position\":2,\"name\":\"Contact\"}]},{\"@type\":\"WebSite\",\"@id\":\"https:\\\/\\\/lesplanchescourbes.com\\\/archives\\\/#website\",\"url\":\"https:\\\/\\\/lesplanchescourbes.com\\\/archives\\\/\",\"name\":\"Les Planches Courbes\",\"description\":\"Eb\u00e9nistes et Chaisiers \u00e0 la main\",\"publisher\":{\"@id\":\"https:\\\/\\\/lesplanchescourbes.com\\\/archives\\\/#organization\"},\"potentialAction\":[{\"@type\":\"SearchAction\",\"target\":{\"@type\":\"EntryPoint\",\"urlTemplate\":\"https:\\\/\\\/lesplanchescourbes.com\\\/archives\\\/?s={search_term_string}\"},\"query-input\":{\"@type\":\"PropertyValueSpecification\",\"valueRequired\":true,\"valueName\":\"search_term_string\"}}],\"inLanguage\":\"fr-FR\"},{\"@type\":\"Organization\",\"@id\":\"https:\\\/\\\/lesplanchescourbes.com\\\/archives\\\/#organization\",\"name\":\"Les Planches Courbes\",\"url\":\"https:\\\/\\\/lesplanchescourbes.com\\\/archives\\\/\",\"logo\":{\"@type\":\"ImageObject\",\"inLanguage\":\"fr-FR\",\"@id\":\"https:\\\/\\\/lesplanchescourbes.com\\\/archives\\\/#\\\/schema\\\/logo\\\/image\\\/\",\"url\":\"https:\\\/\\\/lesplanchescourbes.com\\\/archives\\\/wp-content\\\/uploads\\\/2021\\\/10\\\/cropped-Logo-_LPC_NB-2-e1635511319272.png\",\"contentUrl\":\"https:\\\/\\\/lesplanchescourbes.com\\\/archives\\\/wp-content\\\/uploads\\\/2021\\\/10\\\/cropped-Logo-_LPC_NB-2-e1635511319272.png\",\"width\":134,\"height\":63,\"caption\":\"Les Planches Courbes\"},\"image\":{\"@id\":\"https:\\\/\\\/lesplanchescourbes.com\\\/archives\\\/#\\\/schema\\\/logo\\\/image\\\/\"}}]}<\/script>\n<!-- \/ Yoast SEO plugin. -->","yoast_head_json":{"title":"Contact - Les Planches Courbes","description":"contact atelier \u00e9b\u00e9nisterie et chaisier \u00e0 la main en bois massif","robots":{"index":"index","follow":"follow","max-snippet":"max-snippet:-1","max-image-preview":"max-image-preview:large","max-video-preview":"max-video-preview:-1"},"canonical":"https:\/\/lesplanchescourbes.com\/archives\/contact-atelier-ebenisterie-fabrication-chaise-a-la-main\/","og_locale":"fr_FR","og_type":"article","og_title":"Contact - Les Planches Courbes","og_description":"contact atelier \u00e9b\u00e9nisterie et chaisier \u00e0 la main en bois massif","og_url":"https:\/\/lesplanchescourbes.com\/archives\/contact-atelier-ebenisterie-fabrication-chaise-a-la-main\/","og_site_name":"Les Planches Courbes","article_modified_time":"2023-01-10T13:02:05+00:00","og_image":[{"width":1920,"height":1359,"url":"https:\/\/lesplanchescourbes.com\/archives\/wp-content\/uploads\/2021\/10\/Logo-_LPC_NB.png","type":"image\/png"}],"twitter_card":"summary_large_image","twitter_misc":{"Dur\u00e9e de lecture estim\u00e9e":"1 minute"},"schema":{"@context":"https:\/\/schema.org","@graph":[{"@type":"WebPage","@id":"https:\/\/lesplanchescourbes.com\/archives\/contact-atelier-ebenisterie-fabrication-chaise-a-la-main\/","url":"https:\/\/lesplanchescourbes.com\/archives\/contact-atelier-ebenisterie-fabrication-chaise-a-la-main\/","name":"Contact - Les Planches Courbes","isPartOf":{"@id":"https:\/\/lesplanchescourbes.com\/archives\/#website"},"primaryImageOfPage":{"@id":"https:\/\/lesplanchescourbes.com\/archives\/contact-atelier-ebenisterie-fabrication-chaise-a-la-main\/#primaryimage"},"image":{"@id":"https:\/\/lesplanchescourbes.com\/archives\/contact-atelier-ebenisterie-fabrication-chaise-a-la-main\/#primaryimage"},"thumbnailUrl":"https:\/\/lesplanchescourbes.com\/archives\/wp-content\/uploads\/2021\/10\/Logo-_LPC_NB.png","datePublished":"2021-10-30T15:08:54+00:00","dateModified":"2023-01-10T13:02:05+00:00","description":"contact atelier \u00e9b\u00e9nisterie et chaisier \u00e0 la main en bois massif","breadcrumb":{"@id":"https:\/\/lesplanchescourbes.com\/archives\/contact-atelier-ebenisterie-fabrication-chaise-a-la-main\/#breadcrumb"},"inLanguage":"fr-FR","potentialAction":[{"@type":"ReadAction","target":["https:\/\/lesplanchescourbes.com\/archives\/contact-atelier-ebenisterie-fabrication-chaise-a-la-main\/"]}]},{"@type":"ImageObject","inLanguage":"fr-FR","@id":"https:\/\/lesplanchescourbes.com\/archives\/contact-atelier-ebenisterie-fabrication-chaise-a-la-main\/#primaryimage","url":"https:\/\/lesplanchescourbes.com\/archives\/wp-content\/uploads\/2021\/10\/Logo-_LPC_NB.png","contentUrl":"https:\/\/lesplanchescourbes.com\/archives\/wp-content\/uploads\/2021\/10\/Logo-_LPC_NB.png","width":1920,"height":1359},{"@type":"BreadcrumbList","@id":"https:\/\/lesplanchescourbes.com\/archives\/contact-atelier-ebenisterie-fabrication-chaise-a-la-main\/#breadcrumb","itemListElement":[{"@type":"ListItem","position":1,"name":"Accueil","item":"https:\/\/lesplanchescourbes.com\/archives\/"},{"@type":"ListItem","position":2,"name":"Contact"}]},{"@type":"WebSite","@id":"https:\/\/lesplanchescourbes.com\/archives\/#website","url":"https:\/\/lesplanchescourbes.com\/archives\/","name":"Les Planches Courbes","description":"Eb\u00e9nistes et Chaisiers \u00e0 la main","publisher":{"@id":"https:\/\/lesplanchescourbes.com\/archives\/#organization"},"potentialAction":[{"@type":"SearchAction","target":{"@type":"EntryPoint","urlTemplate":"https:\/\/lesplanchescourbes.com\/archives\/?s={search_term_string}"},"query-input":{"@type":"PropertyValueSpecification","valueRequired":true,"valueName":"search_term_string"}}],"inLanguage":"fr-FR"},{"@type":"Organization","@id":"https:\/\/lesplanchescourbes.com\/archives\/#organization","name":"Les Planches Courbes","url":"https:\/\/lesplanchescourbes.com\/archives\/","logo":{"@type":"ImageObject","inLanguage":"fr-FR","@id":"https:\/\/lesplanchescourbes.com\/archives\/#\/schema\/logo\/image\/","url":"https:\/\/lesplanchescourbes.com\/archives\/wp-content\/uploads\/2021\/10\/cropped-Logo-_LPC_NB-2-e1635511319272.png","contentUrl":"https:\/\/lesplanchescourbes.com\/archives\/wp-content\/uploads\/2021\/10\/cropped-Logo-_LPC_NB-2-e1635511319272.png","width":134,"height":63,"caption":"Les Planches Courbes"},"image":{"@id":"https:\/\/lesplanchescourbes.com\/archives\/#\/schema\/logo\/image\/"}}]}},"_links":{"self":[{"href":"https:\/\/lesplanchescourbes.com\/archives\/wp-json\/wp\/v2\/pages\/567","targetHints":{"allow":["GET"]}}],"collection":[{"href":"https:\/\/lesplanchescourbes.com\/archives\/wp-json\/wp\/v2\/pages"}],"about":[{"href":"https:\/\/lesplanchescourbes.com\/archives\/wp-json\/wp\/v2\/types\/page"}],"author":[{"embeddable":true,"href":"https:\/\/lesplanchescourbes.com\/archives\/wp-json\/wp\/v2\/users\/1"}],"replies":[{"embeddable":true,"href":"https:\/\/lesplanchescourbes.com\/archives\/wp-json\/wp\/v2\/comments?post=567"}],"version-history":[{"count":9,"href":"https:\/\/lesplanchescourbes.com\/archives\/wp-json\/wp\/v2\/pages\/567\/revisions"}],"predecessor-version":[{"id":1198,"href":"https:\/\/lesplanchescourbes.com\/archives\/wp-json\/wp\/v2\/pages\/567\/revisions\/1198"}],"wp:featuredmedia":[{"embeddable":true,"href":"https:\/\/lesplanchescourbes.com\/archives\/wp-json\/wp\/v2\/media\/155"}],"wp:attachment":[{"href":"https:\/\/lesplanchescourbes.com\/archives\/wp-json\/wp\/v2\/media?parent=567"}],"curies":[{"name":"wp","href":"https:\/\/api.w.org\/{rel}","templated":true}]}}