{"id":876,"date":"2021-12-14T09:54:55","date_gmt":"2021-12-14T08:54:55","guid":{"rendered":"https:\/\/lesplanchescourbes.com\/?page_id=876"},"modified":"2025-04-19T14:43:36","modified_gmt":"2025-04-19T12:43:36","slug":"comment-nous-travaillons-le-bois","status":"publish","type":"page","link":"https:\/\/lesplanchescourbes.com\/archives\/comment-nous-travaillons-le-bois\/","title":{"rendered":"Comment nous travaillons&#8230;"},"content":{"rendered":"\n<div class=\"wp-block-group\"><div class=\"wp-block-group__inner-container is-layout-flow wp-block-group-is-layout-flow\">\n<figure class=\"wp-block-image size-full\"><img loading=\"lazy\" decoding=\"async\" width=\"800\" height=\"536\" src=\"https:\/\/lesplanchescourbes.com\/archives\/wp-content\/uploads\/2025\/04\/Atelier-Najac-1.jpeg\" alt=\"\" class=\"wp-image-1345\" srcset=\"https:\/\/lesplanchescourbes.com\/archives\/wp-content\/uploads\/2025\/04\/Atelier-Najac-1.jpeg 800w, https:\/\/lesplanchescourbes.com\/archives\/wp-content\/uploads\/2025\/04\/Atelier-Najac-1-300x201.jpeg 300w, https:\/\/lesplanchescourbes.com\/archives\/wp-content\/uploads\/2025\/04\/Atelier-Najac-1-150x101.jpeg 150w, https:\/\/lesplanchescourbes.com\/archives\/wp-content\/uploads\/2025\/04\/Atelier-Najac-1-768x515.jpeg 768w, https:\/\/lesplanchescourbes.com\/archives\/wp-content\/uploads\/2025\/04\/Atelier-Najac-1-738x494.jpeg 738w\" sizes=\"auto, (max-width: 800px) 100vw, 800px\" \/><\/figure>\n<\/div><\/div>\n\n\n\n<p class=\"has-drop-cap\">Nous dessinons, concevons et fabriquons l\u2019ensemble de nos meubles, chacun d\u2019eux est unique. Nous travaillons des essences locales. Les essences de bois utilis\u00e9es sont ainsi disponibles en fonction des coupes pratiqu\u00e9es et du temps de s\u00e9chage naturel. Nous n\u2019utilisons pas de d\u00e9riv\u00e9s du bois.<\/p>\n\n\n\n<p class=\"has-black-color has-text-color\">On plane, on rabote, on aff\u00fbte les scies et les fers, ciseaux et gouges, guimbarde, on sort chignole et vilebrequin, limes et r\u00e2pes, on fabrique bancs \u00e0 planer et de chaisier, on utilise du bois sec et du bois vert.<\/p>\n\n\n\n<figure class=\"wp-block-image size-large is-resized is-style-default\"><img loading=\"lazy\" decoding=\"async\" width=\"678\" height=\"1024\" src=\"https:\/\/lesplanchescourbes.com\/archives\/wp-content\/uploads\/2021\/11\/Mains-a\u0300-louvrage_Wastringue-678x1024.jpg\" alt=\"\" class=\"wp-image-659\" style=\"width:424px;height:640px\" srcset=\"https:\/\/lesplanchescourbes.com\/archives\/wp-content\/uploads\/2021\/11\/Mains-a\u0300-louvrage_Wastringue-678x1024.jpg 678w, https:\/\/lesplanchescourbes.com\/archives\/wp-content\/uploads\/2021\/11\/Mains-a\u0300-louvrage_Wastringue-199x300.jpg 199w, https:\/\/lesplanchescourbes.com\/archives\/wp-content\/uploads\/2021\/11\/Mains-a\u0300-louvrage_Wastringue-768x1160.jpg 768w, https:\/\/lesplanchescourbes.com\/archives\/wp-content\/uploads\/2021\/11\/Mains-a\u0300-louvrage_Wastringue-1x2.jpg 1w, https:\/\/lesplanchescourbes.com\/archives\/wp-content\/uploads\/2021\/11\/Mains-a\u0300-louvrage_Wastringue-77x116.jpg 77w, https:\/\/lesplanchescourbes.com\/archives\/wp-content\/uploads\/2021\/11\/Mains-a\u0300-louvrage_Wastringue.jpg 800w\" sizes=\"auto, (max-width: 678px) 100vw, 678px\" \/><\/figure>\n\n\n\n<p class=\"has-drop-cap\">Nos meubles ne sont pas rectilignes, nous gardons ce que d\u2019aucuns appelleront des d\u00e9fauts : noeuds, diff\u00e9rences naturelles de teintes, fissures parfois, pour autant que cela n\u2019affecte pas la structure du bois. Nous nous laissons guider par l\u2019esth\u00e9tique m\u00eame de la mati\u00e8re.<\/p>\n\n\n\n<p class=\"has-black-color has-text-color\">Nous produisons peu, mais ce n\u2019est pas parce que nous travaillons sans machine (\u00e0 pi\u00e8ce unique le temps de r\u00e9alisation est \u00e9quivalent). Certaines pi\u00e8ces de bois, par exemple un <span class=\"has-inline-color has-luminous-vivid-orange-color\"><a href=\"https:\/\/lesplanchescourbes.com\/archives\/galerie-mobilier\/\"><strong>plateau<\/strong>,<\/a><\/span> ne trouveraient que peu de machines adapt\u00e9es, par contre, la main et la patience peuvent, elles, s\u2019y confronter.<\/p>\n\n\n\n<p>Nous proposons des meubles qui s&rsquo;inscrivent dans le temps en pr\u00e9levant peu \u00e0 la for\u00eat. <\/p>\n\n\n\n<figure class=\"wp-block-image size-full is-style-default\"><img loading=\"lazy\" decoding=\"async\" width=\"800\" height=\"797\" src=\"https:\/\/lesplanchescourbes.com\/archives\/wp-content\/uploads\/2023\/01\/Atelier_6X6_4.jpg\" alt=\"\" class=\"wp-image-1113\" srcset=\"https:\/\/lesplanchescourbes.com\/archives\/wp-content\/uploads\/2023\/01\/Atelier_6X6_4.jpg 800w, https:\/\/lesplanchescourbes.com\/archives\/wp-content\/uploads\/2023\/01\/Atelier_6X6_4-300x300.jpg 300w, https:\/\/lesplanchescourbes.com\/archives\/wp-content\/uploads\/2023\/01\/Atelier_6X6_4-150x150.jpg 150w, https:\/\/lesplanchescourbes.com\/archives\/wp-content\/uploads\/2023\/01\/Atelier_6X6_4-768x765.jpg 768w, https:\/\/lesplanchescourbes.com\/archives\/wp-content\/uploads\/2023\/01\/Atelier_6X6_4-100x100.jpg 100w, https:\/\/lesplanchescourbes.com\/archives\/wp-content\/uploads\/2023\/01\/Atelier_6X6_4-738x735.jpg 738w\" sizes=\"auto, (max-width: 800px) 100vw, 800px\" \/><\/figure>\n\n\n\n<p class=\"has-drop-cap\">L\u2019id\u00e9e ici n\u2019est pas de \u00ab&nbsp;surfer&nbsp;\u00bb sur des th\u00e8mes en vogue (transition \u00e9cologique et \u00e9co-responsabilit\u00e9, circuits courts, \u00e9conomie solidaire, etc\u2026) mais de se r\u00e9approprier ce que la machine a subtilis\u00e9 \u00e0 l\u2019homme, son savoir-faire, sa libert\u00e9, son rapport \u00e0 la nature, son respect du vivant (v\u00e9g\u00e9tal, animal, etc\u2026).<\/p>\n\n\n\n<p>Nous nous positionnons en rupture avec une soci\u00e9t\u00e9 bas\u00e9e sur l\u2019hyper-consommation, sur une technologie omnipr\u00e9sente et une science qui r\u00e8gleraient les probl\u00e8mes \u00e9cologiques, sociaux, en ajoutant de nouvelles probl\u00e9matiques. Les machines ont, depuis la r\u00e9volution industrielle, d\u00e9poss\u00e9d\u00e9 l\u2019artisan de son savoir faire, de la transmission, les gestes se perdent. Le num\u00e9rique permet, lui, de remplacer l\u2019artisan par un technicien qui a bien moins de liens avec la mati\u00e8re et le vivant, et ouvre encore \u00e0 une plus grande artificialisation du monde.<\/p>\n\n\n\n<p>Nous commen\u00e7ons juste. Nous sommes deux jeunes artisans mais deux vieilles branches. <a rel=\"noreferrer noopener\" href=\"https:\/\/lesplanchescourbes.com\/archives\/apropos\/des-liens\/\" target=\"_blank\"><strong>Nous r\u00e9-apprenons les gestes, gr\u00e2ce \u00e0 certains qui comme nous sont en recherche de ces savoirs et savoir-faire et qui ont la g\u00e9n\u00e9rosit\u00e9 de les partager<\/strong>.<\/a> Petit \u00e0 petit nous enrichirons notre galerie de meubles, des mod\u00e8les serviront de base mais les r\u00e9alisations seront toutes diff\u00e9rentes, parce que le bois est l\u2019Auteur principal.<\/p>\n\n\n\n<p id=\"apropos\"><\/p>\n","protected":false},"excerpt":{"rendered":"<p>Nous dessinons, concevons et fabriquons l\u2019ensemble de nos meubles, chacun d\u2019eux est unique. Nous travaillons des essences locales. Les essences de bois utilis\u00e9es sont ainsi disponibles en fonction des coupes pratiqu\u00e9es et du temps de s\u00e9chage naturel. Nous n\u2019utilisons pas de d\u00e9riv\u00e9s du bois. On plane, on rabote, on aff\u00fbte les scies et les fers, &#8230;<\/p>\n","protected":false},"author":1,"featured_media":0,"parent":0,"menu_order":0,"comment_status":"closed","ping_status":"closed","template":"templates\/centered.php","meta":{"footnotes":""},"class_list":["post-876","page","type-page","status-publish","hentry"],"yoast_head":"<!-- This site is optimized with the Yoast SEO plugin v27.5 - https:\/\/yoast.com\/product\/yoast-seo-wordpress\/ -->\n<title>Comment nous travaillons le bois \u00e0 la main - Les Planches Courbes<\/title>\n<meta name=\"description\" content=\"Nous travaillons aux outils \u00e0 main traditionnels, sans machine, du bois pr\u00e9lev\u00e9 dans une \u00e9conomie respectueuse de la for\u00eat locale.\" \/>\n<meta name=\"robots\" content=\"index, follow, max-snippet:-1, max-image-preview:large, max-video-preview:-1\" \/>\n<link rel=\"canonical\" href=\"https:\/\/lesplanchescourbes.com\/archives\/comment-nous-travaillons-le-bois\/\" \/>\n<meta property=\"og:locale\" content=\"fr_FR\" \/>\n<meta property=\"og:type\" content=\"article\" \/>\n<meta property=\"og:title\" content=\"Comment nous travaillons le bois \u00e0 la main - Les Planches Courbes\" \/>\n<meta property=\"og:description\" content=\"Nous travaillons aux outils \u00e0 main traditionnels, sans machine, du bois pr\u00e9lev\u00e9 dans une \u00e9conomie respectueuse de la for\u00eat locale.\" \/>\n<meta property=\"og:url\" content=\"https:\/\/lesplanchescourbes.com\/archives\/comment-nous-travaillons-le-bois\/\" \/>\n<meta property=\"og:site_name\" content=\"Les Planches Courbes\" \/>\n<meta property=\"article:modified_time\" content=\"2025-04-19T12:43:36+00:00\" \/>\n<meta property=\"og:image\" content=\"https:\/\/lesplanchescourbes.com\/archives\/wp-content\/uploads\/2025\/04\/Atelier-Najac-1.jpeg\" \/>\n\t<meta property=\"og:image:width\" content=\"800\" \/>\n\t<meta property=\"og:image:height\" content=\"536\" \/>\n\t<meta property=\"og:image:type\" content=\"image\/jpeg\" \/>\n<meta name=\"twitter:card\" content=\"summary_large_image\" \/>\n<meta name=\"twitter:label1\" content=\"Dur\u00e9e de lecture estim\u00e9e\" \/>\n\t<meta name=\"twitter:data1\" content=\"3 minutes\" \/>\n<script type=\"application\/ld+json\" class=\"yoast-schema-graph\">{\"@context\":\"https:\\\/\\\/schema.org\",\"@graph\":[{\"@type\":[\"WebPage\",\"AboutPage\"],\"@id\":\"https:\\\/\\\/lesplanchescourbes.com\\\/archives\\\/comment-nous-travaillons-le-bois\\\/\",\"url\":\"https:\\\/\\\/lesplanchescourbes.com\\\/archives\\\/comment-nous-travaillons-le-bois\\\/\",\"name\":\"Comment nous travaillons le bois \u00e0 la main - Les Planches Courbes\",\"isPartOf\":{\"@id\":\"https:\\\/\\\/lesplanchescourbes.com\\\/archives\\\/#website\"},\"primaryImageOfPage\":{\"@id\":\"https:\\\/\\\/lesplanchescourbes.com\\\/archives\\\/comment-nous-travaillons-le-bois\\\/#primaryimage\"},\"image\":{\"@id\":\"https:\\\/\\\/lesplanchescourbes.com\\\/archives\\\/comment-nous-travaillons-le-bois\\\/#primaryimage\"},\"thumbnailUrl\":\"https:\\\/\\\/lesplanchescourbes.com\\\/archives\\\/wp-content\\\/uploads\\\/2025\\\/04\\\/Atelier-Najac-1.jpeg\",\"datePublished\":\"2021-12-14T08:54:55+00:00\",\"dateModified\":\"2025-04-19T12:43:36+00:00\",\"description\":\"Nous travaillons aux outils \u00e0 main traditionnels, sans machine, du bois pr\u00e9lev\u00e9 dans une \u00e9conomie respectueuse de la for\u00eat locale.\",\"breadcrumb\":{\"@id\":\"https:\\\/\\\/lesplanchescourbes.com\\\/archives\\\/comment-nous-travaillons-le-bois\\\/#breadcrumb\"},\"inLanguage\":\"fr-FR\",\"potentialAction\":[{\"@type\":\"ReadAction\",\"target\":[\"https:\\\/\\\/lesplanchescourbes.com\\\/archives\\\/comment-nous-travaillons-le-bois\\\/\"]}]},{\"@type\":\"ImageObject\",\"inLanguage\":\"fr-FR\",\"@id\":\"https:\\\/\\\/lesplanchescourbes.com\\\/archives\\\/comment-nous-travaillons-le-bois\\\/#primaryimage\",\"url\":\"https:\\\/\\\/lesplanchescourbes.com\\\/archives\\\/wp-content\\\/uploads\\\/2025\\\/04\\\/Atelier-Najac-1.jpeg\",\"contentUrl\":\"https:\\\/\\\/lesplanchescourbes.com\\\/archives\\\/wp-content\\\/uploads\\\/2025\\\/04\\\/Atelier-Najac-1.jpeg\",\"width\":800,\"height\":536},{\"@type\":\"BreadcrumbList\",\"@id\":\"https:\\\/\\\/lesplanchescourbes.com\\\/archives\\\/comment-nous-travaillons-le-bois\\\/#breadcrumb\",\"itemListElement\":[{\"@type\":\"ListItem\",\"position\":1,\"name\":\"Accueil\",\"item\":\"https:\\\/\\\/lesplanchescourbes.com\\\/archives\\\/\"},{\"@type\":\"ListItem\",\"position\":2,\"name\":\"Comment nous travaillons&#8230;\"}]},{\"@type\":\"WebSite\",\"@id\":\"https:\\\/\\\/lesplanchescourbes.com\\\/archives\\\/#website\",\"url\":\"https:\\\/\\\/lesplanchescourbes.com\\\/archives\\\/\",\"name\":\"Les Planches Courbes\",\"description\":\"Eb\u00e9nistes et Chaisiers \u00e0 la main\",\"publisher\":{\"@id\":\"https:\\\/\\\/lesplanchescourbes.com\\\/archives\\\/#organization\"},\"potentialAction\":[{\"@type\":\"SearchAction\",\"target\":{\"@type\":\"EntryPoint\",\"urlTemplate\":\"https:\\\/\\\/lesplanchescourbes.com\\\/archives\\\/?s={search_term_string}\"},\"query-input\":{\"@type\":\"PropertyValueSpecification\",\"valueRequired\":true,\"valueName\":\"search_term_string\"}}],\"inLanguage\":\"fr-FR\"},{\"@type\":\"Organization\",\"@id\":\"https:\\\/\\\/lesplanchescourbes.com\\\/archives\\\/#organization\",\"name\":\"Les Planches Courbes\",\"url\":\"https:\\\/\\\/lesplanchescourbes.com\\\/archives\\\/\",\"logo\":{\"@type\":\"ImageObject\",\"inLanguage\":\"fr-FR\",\"@id\":\"https:\\\/\\\/lesplanchescourbes.com\\\/archives\\\/#\\\/schema\\\/logo\\\/image\\\/\",\"url\":\"https:\\\/\\\/lesplanchescourbes.com\\\/archives\\\/wp-content\\\/uploads\\\/2021\\\/10\\\/cropped-Logo-_LPC_NB-2-e1635511319272.png\",\"contentUrl\":\"https:\\\/\\\/lesplanchescourbes.com\\\/archives\\\/wp-content\\\/uploads\\\/2021\\\/10\\\/cropped-Logo-_LPC_NB-2-e1635511319272.png\",\"width\":134,\"height\":63,\"caption\":\"Les Planches Courbes\"},\"image\":{\"@id\":\"https:\\\/\\\/lesplanchescourbes.com\\\/archives\\\/#\\\/schema\\\/logo\\\/image\\\/\"}}]}<\/script>\n<!-- \/ Yoast SEO plugin. -->","yoast_head_json":{"title":"Comment nous travaillons le bois \u00e0 la main - Les Planches Courbes","description":"Nous travaillons aux outils \u00e0 main traditionnels, sans machine, du bois pr\u00e9lev\u00e9 dans une \u00e9conomie respectueuse de la for\u00eat locale.","robots":{"index":"index","follow":"follow","max-snippet":"max-snippet:-1","max-image-preview":"max-image-preview:large","max-video-preview":"max-video-preview:-1"},"canonical":"https:\/\/lesplanchescourbes.com\/archives\/comment-nous-travaillons-le-bois\/","og_locale":"fr_FR","og_type":"article","og_title":"Comment nous travaillons le bois \u00e0 la main - Les Planches Courbes","og_description":"Nous travaillons aux outils \u00e0 main traditionnels, sans machine, du bois pr\u00e9lev\u00e9 dans une \u00e9conomie respectueuse de la for\u00eat locale.","og_url":"https:\/\/lesplanchescourbes.com\/archives\/comment-nous-travaillons-le-bois\/","og_site_name":"Les Planches Courbes","article_modified_time":"2025-04-19T12:43:36+00:00","og_image":[{"width":800,"height":536,"url":"https:\/\/lesplanchescourbes.com\/archives\/wp-content\/uploads\/2025\/04\/Atelier-Najac-1.jpeg","type":"image\/jpeg"}],"twitter_card":"summary_large_image","twitter_misc":{"Dur\u00e9e de lecture estim\u00e9e":"3 minutes"},"schema":{"@context":"https:\/\/schema.org","@graph":[{"@type":["WebPage","AboutPage"],"@id":"https:\/\/lesplanchescourbes.com\/archives\/comment-nous-travaillons-le-bois\/","url":"https:\/\/lesplanchescourbes.com\/archives\/comment-nous-travaillons-le-bois\/","name":"Comment nous travaillons le bois \u00e0 la main - Les Planches Courbes","isPartOf":{"@id":"https:\/\/lesplanchescourbes.com\/archives\/#website"},"primaryImageOfPage":{"@id":"https:\/\/lesplanchescourbes.com\/archives\/comment-nous-travaillons-le-bois\/#primaryimage"},"image":{"@id":"https:\/\/lesplanchescourbes.com\/archives\/comment-nous-travaillons-le-bois\/#primaryimage"},"thumbnailUrl":"https:\/\/lesplanchescourbes.com\/archives\/wp-content\/uploads\/2025\/04\/Atelier-Najac-1.jpeg","datePublished":"2021-12-14T08:54:55+00:00","dateModified":"2025-04-19T12:43:36+00:00","description":"Nous travaillons aux outils \u00e0 main traditionnels, sans machine, du bois pr\u00e9lev\u00e9 dans une \u00e9conomie respectueuse de la for\u00eat locale.","breadcrumb":{"@id":"https:\/\/lesplanchescourbes.com\/archives\/comment-nous-travaillons-le-bois\/#breadcrumb"},"inLanguage":"fr-FR","potentialAction":[{"@type":"ReadAction","target":["https:\/\/lesplanchescourbes.com\/archives\/comment-nous-travaillons-le-bois\/"]}]},{"@type":"ImageObject","inLanguage":"fr-FR","@id":"https:\/\/lesplanchescourbes.com\/archives\/comment-nous-travaillons-le-bois\/#primaryimage","url":"https:\/\/lesplanchescourbes.com\/archives\/wp-content\/uploads\/2025\/04\/Atelier-Najac-1.jpeg","contentUrl":"https:\/\/lesplanchescourbes.com\/archives\/wp-content\/uploads\/2025\/04\/Atelier-Najac-1.jpeg","width":800,"height":536},{"@type":"BreadcrumbList","@id":"https:\/\/lesplanchescourbes.com\/archives\/comment-nous-travaillons-le-bois\/#breadcrumb","itemListElement":[{"@type":"ListItem","position":1,"name":"Accueil","item":"https:\/\/lesplanchescourbes.com\/archives\/"},{"@type":"ListItem","position":2,"name":"Comment nous travaillons&#8230;"}]},{"@type":"WebSite","@id":"https:\/\/lesplanchescourbes.com\/archives\/#website","url":"https:\/\/lesplanchescourbes.com\/archives\/","name":"Les Planches Courbes","description":"Eb\u00e9nistes et Chaisiers \u00e0 la main","publisher":{"@id":"https:\/\/lesplanchescourbes.com\/archives\/#organization"},"potentialAction":[{"@type":"SearchAction","target":{"@type":"EntryPoint","urlTemplate":"https:\/\/lesplanchescourbes.com\/archives\/?s={search_term_string}"},"query-input":{"@type":"PropertyValueSpecification","valueRequired":true,"valueName":"search_term_string"}}],"inLanguage":"fr-FR"},{"@type":"Organization","@id":"https:\/\/lesplanchescourbes.com\/archives\/#organization","name":"Les Planches Courbes","url":"https:\/\/lesplanchescourbes.com\/archives\/","logo":{"@type":"ImageObject","inLanguage":"fr-FR","@id":"https:\/\/lesplanchescourbes.com\/archives\/#\/schema\/logo\/image\/","url":"https:\/\/lesplanchescourbes.com\/archives\/wp-content\/uploads\/2021\/10\/cropped-Logo-_LPC_NB-2-e1635511319272.png","contentUrl":"https:\/\/lesplanchescourbes.com\/archives\/wp-content\/uploads\/2021\/10\/cropped-Logo-_LPC_NB-2-e1635511319272.png","width":134,"height":63,"caption":"Les Planches Courbes"},"image":{"@id":"https:\/\/lesplanchescourbes.com\/archives\/#\/schema\/logo\/image\/"}}]}},"_links":{"self":[{"href":"https:\/\/lesplanchescourbes.com\/archives\/wp-json\/wp\/v2\/pages\/876","targetHints":{"allow":["GET"]}}],"collection":[{"href":"https:\/\/lesplanchescourbes.com\/archives\/wp-json\/wp\/v2\/pages"}],"about":[{"href":"https:\/\/lesplanchescourbes.com\/archives\/wp-json\/wp\/v2\/types\/page"}],"author":[{"embeddable":true,"href":"https:\/\/lesplanchescourbes.com\/archives\/wp-json\/wp\/v2\/users\/1"}],"replies":[{"embeddable":true,"href":"https:\/\/lesplanchescourbes.com\/archives\/wp-json\/wp\/v2\/comments?post=876"}],"version-history":[{"count":12,"href":"https:\/\/lesplanchescourbes.com\/archives\/wp-json\/wp\/v2\/pages\/876\/revisions"}],"predecessor-version":[{"id":1353,"href":"https:\/\/lesplanchescourbes.com\/archives\/wp-json\/wp\/v2\/pages\/876\/revisions\/1353"}],"wp:attachment":[{"href":"https:\/\/lesplanchescourbes.com\/archives\/wp-json\/wp\/v2\/media?parent=876"}],"curies":[{"name":"wp","href":"https:\/\/api.w.org\/{rel}","templated":true}]}}